{"id":6317,"date":"2013-04-05T13:33:38","date_gmt":"2013-04-05T11:33:38","guid":{"rendered":"http:\/\/www.neemann.de\/kontakt\/"},"modified":"2024-01-11T13:51:48","modified_gmt":"2024-01-11T12:51:48","slug":"contact-data-and-travel-guide","status":"publish","type":"page","link":"https:\/\/www.neemann.de\/en\/contact-data-and-travel-guide\/","title":{"rendered":"Kontakt \/ Anfahrt"},"content":{"rendered":"<div  class='av_gmaps_sc_main_wrap av_gmaps_main_wrap '><div id='av_gmap_0' class='avia-google-map-container avia-google-map-sc av_gmaps_show_unconditionally av-no-fallback-img ' data-mapid='av_gmap_0'  style='height: 475px;'><a class=\"av_gmaps_browser_disabled av_text_confirm_link av_text_confirm_link_visible\" href=\"https:\/\/www.google.com\/maps\/search\/?api=1&#038;query=Maiburger%20Stra\u00dfe%2064%20%20Leer%20%20Deutschland\" target=\"_blank\">Maps were disabled by the visitor on this site. Click to open the map in a new window.<\/a><\/div><\/div>\n<div id='full_slider_1'  class='avia-fullwidth-slider main_color avia-shadow   avia-builder-el-1  el_after_av_google_map  el_before_av_one_half   slider-not-first container_wrap fullsize'  >\n<style type=\"text\/css\" data-created_by=\"avia_inline_auto\" id=\"style-css-av-fzgjnj-83c243e8a82082902e230f389b3c0d12\">\n#top #wrap_all .avia-slideshow .av-slideshow-caption.av-fzgjnj-83c243e8a82082902e230f389b3c0d12__0 .avia-caption-title{\nfont-size:17px;\n}\n#top .avia-slideshow .av-slideshow-caption.av-fzgjnj-83c243e8a82082902e230f389b3c0d12__0 .avia-caption-content{\nfont-size:13px;\n}\n#top .avia-slideshow .av-slideshow-caption.av-fzgjnj-83c243e8a82082902e230f389b3c0d12__0 .avia-caption-content p{\nfont-size:13px;\n}\n#top #wrap_all .avia-slideshow .av-slideshow-caption.av-fzgjnj-83c243e8a82082902e230f389b3c0d12__1 .avia-caption-title{\nfont-size:17px;\n}\n#top .avia-slideshow .av-slideshow-caption.av-fzgjnj-83c243e8a82082902e230f389b3c0d12__1 .avia-caption-content{\nfont-size:13px;\n}\n#top .avia-slideshow .av-slideshow-caption.av-fzgjnj-83c243e8a82082902e230f389b3c0d12__1 .avia-caption-content p{\nfont-size:13px;\n}\n#top #wrap_all .avia-slideshow .av-slideshow-caption.av-fzgjnj-83c243e8a82082902e230f389b3c0d12__2 .avia-caption-title{\nfont-size:17px;\n}\n#top .avia-slideshow .av-slideshow-caption.av-fzgjnj-83c243e8a82082902e230f389b3c0d12__2 .avia-caption-content{\nfont-size:13px;\n}\n#top .avia-slideshow .av-slideshow-caption.av-fzgjnj-83c243e8a82082902e230f389b3c0d12__2 .avia-caption-content p{\nfont-size:13px;\n}\n#top #wrap_all .avia-slideshow .av-slideshow-caption.av-fzgjnj-83c243e8a82082902e230f389b3c0d12__3 .avia-caption-title{\nfont-size:17px;\n}\n#top .avia-slideshow .av-slideshow-caption.av-fzgjnj-83c243e8a82082902e230f389b3c0d12__3 .avia-caption-content{\nfont-size:13px;\n}\n#top .avia-slideshow .av-slideshow-caption.av-fzgjnj-83c243e8a82082902e230f389b3c0d12__3 .avia-caption-content p{\nfont-size:13px;\n}\n#top #wrap_all .avia-slideshow .av-slideshow-caption.av-fzgjnj-83c243e8a82082902e230f389b3c0d12__4 .avia-caption-title{\nfont-size:17px;\n}\n#top .avia-slideshow .av-slideshow-caption.av-fzgjnj-83c243e8a82082902e230f389b3c0d12__4 .avia-caption-content{\nfont-size:13px;\n}\n#top .avia-slideshow .av-slideshow-caption.av-fzgjnj-83c243e8a82082902e230f389b3c0d12__4 .avia-caption-content p{\nfont-size:13px;\n}\n#top #wrap_all .avia-slideshow .av-slideshow-caption.av-fzgjnj-83c243e8a82082902e230f389b3c0d12__5 .avia-caption-title{\nfont-size:17px;\n}\n#top .avia-slideshow .av-slideshow-caption.av-fzgjnj-83c243e8a82082902e230f389b3c0d12__5 .avia-caption-content{\nfont-size:13px;\n}\n#top .avia-slideshow .av-slideshow-caption.av-fzgjnj-83c243e8a82082902e230f389b3c0d12__5 .avia-caption-content p{\nfont-size:13px;\n}\n#top #wrap_all .avia-slideshow .av-slideshow-caption.av-fzgjnj-83c243e8a82082902e230f389b3c0d12__6 .avia-caption-title{\nfont-size:17px;\n}\n#top .avia-slideshow .av-slideshow-caption.av-fzgjnj-83c243e8a82082902e230f389b3c0d12__6 .avia-caption-content{\nfont-size:13px;\n}\n#top .avia-slideshow .av-slideshow-caption.av-fzgjnj-83c243e8a82082902e230f389b3c0d12__6 .avia-caption-content p{\nfont-size:13px;\n}\n#top #wrap_all .avia-slideshow .av-slideshow-caption.av-fzgjnj-83c243e8a82082902e230f389b3c0d12__7 .avia-caption-title{\nfont-size:17px;\n}\n#top .avia-slideshow .av-slideshow-caption.av-fzgjnj-83c243e8a82082902e230f389b3c0d12__7 .avia-caption-content{\nfont-size:13px;\n}\n#top .avia-slideshow .av-slideshow-caption.av-fzgjnj-83c243e8a82082902e230f389b3c0d12__7 .avia-caption-content p{\nfont-size:13px;\n}\n<\/style>\n<div  class='avia-slideshow av-fzgjnj-83c243e8a82082902e230f389b3c0d12 avia-slideshow-no scaling av_slideshow_full avia-fade-slider av-slideshow-ui av-control-hidden av-no-slider-navigation av-hide-nav-arrows av-slideshow-autoplay av-loop-endless av-loop-manual-endless   avia-slideshow-1' data-slideshow-options=\"{&quot;animation&quot;:&quot;fade&quot;,&quot;autoplay&quot;:true,&quot;loop_autoplay&quot;:&quot;endless&quot;,&quot;interval&quot;:5,&quot;loop_manual&quot;:&quot;manual-endless&quot;,&quot;autoplay_stopper&quot;:false,&quot;noNavigation&quot;:true,&quot;bg_slider&quot;:false,&quot;keep_padding&quot;:false,&quot;hoverpause&quot;:false,&quot;show_slide_delay&quot;:0}\"  itemprop=\"image\" itemscope=\"itemscope\" itemtype=\"https:\/\/schema.org\/ImageObject\" ><ul class='avia-slideshow-inner ' ><\/ul><\/div><\/div><div id='after_full_slider_1'  class='main_color av_default_container_wrap container_wrap fullsize'  ><div class='container av-section-cont-open' ><div class='template-page content  av-content-full alpha units'><div class='post-entry post-entry-type-page post-entry-6317'><div class='entry-content-wrapper clearfix'>\n\n<style type=\"text\/css\" data-created_by=\"avia_inline_auto\" id=\"style-css-av-12xe0v1-880b314beabae5b28b5148043bd09f32\">\n.flex_column.av-12xe0v1-880b314beabae5b28b5148043bd09f32{\nborder-radius:0px 0px 0px 0px;\npadding:0px 0px 0px 0px;\nbackground:url(https:\/\/www.neemann.de\/wp-content\/uploads\/2016\/08\/logo-2-300x75.png) 0% 0% no-repeat scroll ;\n}\n<\/style>\n<div  class='flex_column av-12xe0v1-880b314beabae5b28b5148043bd09f32 av_one_half  avia-builder-el-2  el_after_av_slideshow_full  el_before_av_one_half  avia-builder-el-first  first flex_column_div av-animated-generic left-to-right av-zero-column-padding  '     ><div  class='togglecontainer av-10vr4rh-6cfc2ef0d998f5eef045aedf9de56733  avia-builder-el-3  avia-builder-el-no-sibling  toggle_close_all' >\n<section class='av_toggle_section av-z7uxb1-9a7f75e810dbe384c38a22708c1dc01f'  itemscope=\"itemscope\" itemtype=\"https:\/\/schema.org\/CreativeWork\" ><div role=\"tablist\" class=\"single_toggle\" data-tags=\"{All} \"  ><p id='toggle-toggle-id-1' data-fake-id='#toggle-id-1' class='toggler  activeTitle av-title-above '  itemprop=\"headline\"  role='tab' tabindex='0' aria-controls='toggle-id-1' data-slide-speed=\"200\" data-title=\"Phone Fax E-Mail\" data-title-open=\"\" data-aria_collapsed=\"Click to expand: Phone Fax E-Mail\" data-aria_expanded=\"Click to collapse: Phone Fax E-Mail\">Phone Fax E-Mail<span class=\"toggle_icon\"><span class=\"vert_icon\"><\/span><span class=\"hor_icon\"><\/span><\/span><\/p><div id='toggle-id-1' aria-labelledby='toggle-toggle-id-1' role='region' class='toggle_wrap  active_tc av-title-above' style='display:block;' ><div class='toggle_content invers-color '  itemprop=\"text\" ><p>+49 491 97844-0<\/p>\n<p>+49 491 97844-466 Fax<\/p>\n<p><a href=\"mailto:info@neemann.de\">info <em>at <\/em>neemann <em>dot <\/em>de<\/a><\/p>\n<\/div><\/div><\/div><\/section>\n<section class='av_toggle_section av-y9hcu5-af83da3ef441c167e54f719234f35228'  itemscope=\"itemscope\" itemtype=\"https:\/\/schema.org\/CreativeWork\" ><div role=\"tablist\" class=\"single_toggle\" data-tags=\"{All} \"  ><p id='toggle-toggle-id-2' data-fake-id='#toggle-id-2' class='toggler  av-title-above '  itemprop=\"headline\"  role='tab' tabindex='0' aria-controls='toggle-id-2' data-slide-speed=\"200\" data-title=\"Address for visitors and postal mails\" data-title-open=\"\" data-aria_collapsed=\"Click to expand: Address for visitors and postal mails\" data-aria_expanded=\"Click to collapse: Address for visitors and postal mails\">Address for visitors and postal mails<span class=\"toggle_icon\"><span class=\"vert_icon\"><\/span><span class=\"hor_icon\"><\/span><\/span><\/p><div id='toggle-id-2' aria-labelledby='toggle-toggle-id-2' role='region' class='toggle_wrap  av-title-above'  ><div class='toggle_content invers-color '  itemprop=\"text\" ><p>Neemann LiteFlexPACKAGING GmbH &amp; Co. KG<\/p>\n<p>Maiburger Stra\u00dfe 64<\/p>\n<p>26789 Leer &#8211; Germany<\/p>\n<p><a href=\"https:\/\/www.google.de\/maps\/place\/Maiburger+Str.+64,+26789+Leer+(Ostfriesland)\/@53.24471,7.5277113,17z\/data=!3m1!4b1!4m5!3m4!1s0x47b65189329d06c5:0x53ef86952a3dec79!8m2!3d53.24471!4d7.5299\" target=\"_blank\" rel=\"noopener\">open Google Maps with this address<\/a><\/p>\n<\/div><\/div><\/div><\/section>\n<section class='av_toggle_section av-3830ot-46bc0ec26ee408b51484a1b561abcbed'  itemscope=\"itemscope\" itemtype=\"https:\/\/schema.org\/CreativeWork\" ><div role=\"tablist\" class=\"single_toggle\" data-tags=\"{All} \"  ><p id='toggle-toggle-id-3' data-fake-id='#toggle-id-3' class='toggler  av-title-above '  itemprop=\"headline\"  role='tab' tabindex='0' aria-controls='toggle-id-3' data-slide-speed=\"200\" data-title=\"Truck delivery address\" data-title-open=\"\" data-aria_collapsed=\"Click to expand: Truck delivery address\" data-aria_expanded=\"Click to collapse: Truck delivery address\">Truck delivery address<span class=\"toggle_icon\"><span class=\"vert_icon\"><\/span><span class=\"hor_icon\"><\/span><\/span><\/p><div id='toggle-id-3' aria-labelledby='toggle-toggle-id-3' role='region' class='toggle_wrap  av-title-above'  ><div class='toggle_content invers-color '  itemprop=\"text\" ><p>NEEMANN Logistics Center \u00a0 <strong>Kupferstra\u00dfe 7<\/strong>\u00a0\u00a0 26789 Leer<\/p>\n<p>Please follow instructions on our order documents: time period and gate<em> XY<\/em><\/p>\n<p>No access &gt;7,5t towards Maiburger Stra\u00dfe 64<\/p>\n<p><a href=\"https:\/\/www.google.de\/maps\/place\/Maiburger+Str.+64,+26789+Leer+(Ostfriesland)\/@53.24471,7.5277113,17z\/data=!3m1!4b1!4m5!3m4!1s0x47b65189329d06c5:0x53ef86952a3dec79!8m2!3d53.24471!4d7.5299\" target=\"_blank\" rel=\"noopener\">open Google Maps with this address<\/a><\/p>\n<\/div><\/div><\/div><\/section>\n<\/div><\/div>\n<style type=\"text\/css\" data-created_by=\"avia_inline_auto\" id=\"style-css-av-ua0yml-c5467c497fca2037dc7999b56a3cabd5\">\n.flex_column.av-ua0yml-c5467c497fca2037dc7999b56a3cabd5{\nborder-radius:0px 0px 0px 0px;\npadding:0px 0px 0px 0px;\n}\n<\/style>\n<div  class='flex_column av-ua0yml-c5467c497fca2037dc7999b56a3cabd5 av_one_half  avia-builder-el-4  el_after_av_one_half  el_before_av_slideshow_full  avia-builder-el-last  flex_column_div av-animated-generic right-to-left av-zero-column-padding  '     ><p><div  class='togglecontainer av-jkav9vfg-0f41ccd2345187c069d155b40a608389  avia-builder-el-5  el_before_av_hr  avia-builder-el-first  toggle_close_all' >\n<section class='av_toggle_section av-sj3vf1-62359169838e00905587938409466f11'  itemscope=\"itemscope\" itemtype=\"https:\/\/schema.org\/CreativeWork\" ><div role=\"tablist\" class=\"single_toggle\" data-tags=\"{All} \"  ><p id='toggle-toggle-id-4' data-fake-id='#toggle-id-4' class='toggler  av-title-above '  itemprop=\"headline\"  role='tab' tabindex='0' aria-controls='toggle-id-4' data-slide-speed=\"200\" data-title=\"Arrival by car\" data-title-open=\"\" data-aria_collapsed=\"Click to expand: Arrival by car\" data-aria_expanded=\"Click to collapse: Arrival by car\">Arrival by car<span class=\"toggle_icon\"><span class=\"vert_icon\"><\/span><span class=\"hor_icon\"><\/span><\/span><\/p><div id='toggle-id-4' aria-labelledby='toggle-toggle-id-4' role='region' class='toggle_wrap  av-title-above'  ><div class='toggle_content invers-color '  itemprop=\"text\" ><ul>\n<li>direction Bremen via A28: Bremen 65min, Hamburg 2-2,5h<\/li>\n<li>direction Rheinland\/Ruhrgebiet via A31: D\u00fcsseldorf 2-2,5h<\/li>\n<li>direction NL: Amsterdam 2,5h<\/li>\n<\/ul>\n<\/div><\/div><\/div><\/section>\n<section class='av_toggle_section av-2tbwbh-e245ce5d8697c9c48504162b08e6afa5'  itemscope=\"itemscope\" itemtype=\"https:\/\/schema.org\/CreativeWork\" ><div role=\"tablist\" class=\"single_toggle\" data-tags=\"{All} \"  ><p id='toggle-toggle-id-5' data-fake-id='#toggle-id-5' class='toggler  av-title-above '  itemprop=\"headline\"  role='tab' tabindex='0' aria-controls='toggle-id-5' data-slide-speed=\"200\" data-title=\"Arrival by plane\" data-title-open=\"\" data-aria_collapsed=\"Click to expand: Arrival by plane\" data-aria_expanded=\"Click to collapse: Arrival by plane\">Arrival by plane<span class=\"toggle_icon\"><span class=\"vert_icon\"><\/span><span class=\"hor_icon\"><\/span><\/span><\/p><div id='toggle-id-5' aria-labelledby='toggle-toggle-id-5' role='region' class='toggle_wrap  av-title-above'  ><div class='toggle_content invers-color '  itemprop=\"text\" ><ul>\n<li>Groningen (currently hardly any connections) <a href=\"http:\/\/www.groningenairport.nl\" target=\"_blank\" rel=\"noopener\">website<\/a>\n<ul>\n<li><del>90km, 60 min<\/del><\/li>\n<li><del>2 x daily Copenhagen (currently not operated)<\/del><\/li>\n<li><del>London (16x every week), Gdansk<\/del><\/li>\n<\/ul>\n<\/li>\n<li>Bremen <a href=\"http:\/\/www.bremen-airport.com\" target=\"_blank\" rel=\"noopener\">website<\/a>\n<ul>\n<li>100km, 60-70min<\/li>\n<li>Rynanair, Lufthansa\/SAS +,\u00a0 KLM\/Air France<\/li>\n<li>Frankfurt, M\u00fcnchen, Stuttgart<\/li>\n<li>Zurich, Vienna<\/li>\n<li>Manchester, London STN, London City<\/li>\n<li>Amsterdam, Brussels, Paris, Toulouse, Alicante<\/li>\n<li>Copenhagen, Stockholm, Riga, Vilnius, Istanbul<\/li>\n<\/ul>\n<\/li>\n<li><strong>D\u00fcsseldorf 250km 2-2,5h (often best choice)<\/strong><\/li>\n<li>Amsterdam 270km 2,5-3h<\/li>\n<li>Hamburg 230km 2-2,5h<\/li>\n<li>Hannover 215km 2h<\/li>\n<\/ul>\n<\/div><\/div><\/div><\/section>\n<section class='av_toggle_section av-pcsn9p-bff6b7f5ebcf0619b71429ce413c3460'  itemscope=\"itemscope\" itemtype=\"https:\/\/schema.org\/CreativeWork\" ><div role=\"tablist\" class=\"single_toggle\" data-tags=\"{All} \"  ><p id='toggle-toggle-id-6' data-fake-id='#toggle-id-6' class='toggler  av-title-above '  itemprop=\"headline\"  role='tab' tabindex='0' aria-controls='toggle-id-6' data-slide-speed=\"200\" data-title=\"Arrival by train\" data-title-open=\"\" data-aria_collapsed=\"Click to expand: Arrival by train\" data-aria_expanded=\"Click to collapse: Arrival by train\">Arrival by train<span class=\"toggle_icon\"><span class=\"vert_icon\"><\/span><span class=\"hor_icon\"><\/span><\/span><\/p><div id='toggle-id-6' aria-labelledby='toggle-toggle-id-6' role='region' class='toggle_wrap  av-title-above'  ><div class='toggle_content invers-color '  itemprop=\"text\" ><ul>\n<li>Station Leer (Ostfriesl), 5km distance to NEEMANN<\/li>\n<li>IC-Connection to Bremen\/Hannover\/Leipzig<\/li>\n<li>IC-Connection to M\u00fcnster (1,5h), Ruhrgebiet, D\u00fcsseldorf (&lt;3h), K\u00f6ln<\/li>\n<li>from NL\/Amsterdam\/Groningen currently just to Weener, bridge towards Leer is disfunctional, bus-transfers are in place<\/li>\n<\/ul>\n<\/div><\/div><\/div><\/section>\n<section class='av_toggle_section av-bfnot-7f6f609fb67822f5d98c920bf6656e22'  itemscope=\"itemscope\" itemtype=\"https:\/\/schema.org\/CreativeWork\" ><div role=\"tablist\" class=\"single_toggle\" data-tags=\"{All} \"  ><p id='toggle-toggle-id-7' data-fake-id='#toggle-id-7' class='toggler  av-title-above '  itemprop=\"headline\"  role='tab' tabindex='0' aria-controls='toggle-id-7' data-slide-speed=\"200\" data-title=\"Hotels\" data-title-open=\"\" data-aria_collapsed=\"Click to expand: Hotels\" data-aria_expanded=\"Click to collapse: Hotels\">Hotels<span class=\"toggle_icon\"><span class=\"vert_icon\"><\/span><span class=\"hor_icon\"><\/span><\/span><\/p><div id='toggle-id-7' aria-labelledby='toggle-toggle-id-7' role='region' class='toggle_wrap  av-title-above'  ><div class='toggle_content invers-color '  itemprop=\"text\" ><ul>\n<li>Hotel Hafenspeicher (at the harbour, close to city and train station, ) <a href=\"http:\/\/www.hotel-hafenspeicher.de\/\" target=\"_blank\" rel=\"noopener\">website<\/a><\/li>\n<li>Five Rooms (very nice small Boutique Hotel in the old town centre) <a href=\"http:\/\/www.fiverooms.de\/\" target=\"_blank\" rel=\"noopener\">website<\/a><\/li>\n<li>360\u00b0 (small Boutique Hotel with restaurant and bar) <a href=\"https:\/\/360grad-leer.de\/\" target=\"_blank\" rel=\"noopener\">website<\/a><\/li>\n<li>Hotel Lange (slightly outside in the countryside ) <a href=\"http:\/\/www.hotel-lange-leer.de\/\" target=\"_blank\" rel=\"noopener\">website<\/a><\/li>\n<li>Hotel Frisia, 150m from train station, <a href=\"http:\/\/www.hotel-frisia.de\/\" target=\"_blank\" rel=\"noopener\">website<\/a><\/li>\n<li>Hotel 24\/7 SelfCheckin, several locations in Leer <a href=\"https:\/\/www.247-selfcheckin.de\/\">website<\/a><\/li>\n<li>Hotel Preyt, outside Leer but close to NEEMANN <a href=\"https:\/\/www.hotel-preyt.de\/\">website<\/a><\/li>\n<li>Alternatives, yet not our first choice:\n<ul>\n<li>Hotel Waldkur (simple) <a href=\"https:\/\/www.hotel-waldkur.de\/\" target=\"_blank\" rel=\"noopener\">website<\/a><\/li>\n<li>Hotel Ostfriesen-Hof <a href=\"https:\/\/www.ostfriesen-hof.de\/home.html\" target=\"_blank\" rel=\"noopener\">website<\/a><\/li>\n<li>Sophien-Cafe (simple) <a href=\"http:\/\/www.sophien-cafe.de\/index.php\/start.html\" target=\"_blank\" rel=\"noopener\">website<\/a><\/li>\n<\/ul>\n<\/li>\n<\/ul>\n<\/div><\/div><\/div><\/section>\n<section class='av_toggle_section av-mjnj0t-5c5f270020edb3e8b30d76d8ee2bab51'  itemscope=\"itemscope\" itemtype=\"https:\/\/schema.org\/CreativeWork\" ><div role=\"tablist\" class=\"single_toggle\" data-tags=\"{All} \"  ><p id='toggle-toggle-id-8' data-fake-id='#toggle-id-8' class='toggler  av-title-above '  itemprop=\"headline\"  role='tab' tabindex='0' aria-controls='toggle-id-8' data-slide-speed=\"200\" data-title=\"About Leer\" data-title-open=\"\" data-aria_collapsed=\"Click to expand: About Leer\" data-aria_expanded=\"Click to collapse: About Leer\">About Leer<span class=\"toggle_icon\"><span class=\"vert_icon\"><\/span><span class=\"hor_icon\"><\/span><\/span><\/p><div id='toggle-id-8' aria-labelledby='toggle-toggle-id-8' role='region' class='toggle_wrap  av-title-above'  ><div class='toggle_content invers-color '  itemprop=\"text\" ><p>Leer &#8211; a city of tradtion and positve dynamic<\/p>\n<ul>\n<li>one of the most beautiful and best preserved historic centres along the German coast<\/li>\n<li>good transport connections<\/li>\n<li>schools, hospitals, Restaurant..all at you disposal<\/li>\n<li>a growing city offering more jobs than residents<\/li>\n<li>close to the water:\u00a0 the harbour in the middle of the town, the rivers, the North Sea<\/li>\n<\/ul>\n<p><a href=\"http:\/\/www.touristik-leer.de\/\" target=\"_blank\" rel=\"noopener\">http:\/\/www.touristik-leer.de\/<\/a><\/p>\n<p><a href=\"https:\/\/www.leer.de\/\" target=\"_blank\" rel=\"noopener\">https:\/\/www.leer.de\/<\/a><\/p>\n<\/div><\/div><\/div><\/section>\n<\/div><br \/>\n\n<style type=\"text\/css\" data-created_by=\"avia_inline_auto\" id=\"style-css-av-lerowt-e0078436556f124d6ee2ed5508b786b8\">\n#top .hr.hr-invisible.av-lerowt-e0078436556f124d6ee2ed5508b786b8{\nheight:2px;\n}\n<\/style>\n<div  class='hr av-lerowt-e0078436556f124d6ee2ed5508b786b8 hr-invisible  avia-builder-el-6  el_after_av_toggle_container  el_before_av_iconlist '><span class='hr-inner '><span class=\"hr-inner-style\"><\/span><\/span><\/div><br \/>\n\n<style type=\"text\/css\" data-created_by=\"avia_inline_auto\" id=\"style-css-av-j2mpp9-56193cfd0b4cd30448c563197fcb47bb\">\n#top .avia-icon-list-container.av-j2mpp9-56193cfd0b4cd30448c563197fcb47bb .iconlist_icon{\nfont-size:16px;\n}\n#top .avia-icon-list-container.av-j2mpp9-56193cfd0b4cd30448c563197fcb47bb .iconlist_icon svg:first-child{\nheight:16px;\nwidth:16px;\n}\n#top #wrap_all .avia-icon-list-container.av-j2mpp9-56193cfd0b4cd30448c563197fcb47bb .av_iconlist_title{\nfont-size:16px;\n}\n.avia-icon-list-container.av-j2mpp9-56193cfd0b4cd30448c563197fcb47bb .iconlist_content{\nfont-size:14px;\n}\n<\/style>\n<div  class='avia-icon-list-container av-j2mpp9-56193cfd0b4cd30448c563197fcb47bb  avia-builder-el-7  el_after_av_hr  avia-builder-el-last '><ul class='avia-icon-list avia_animate_when_almost_visible avia-icon-list-left av-iconlist-small av-j2mpp9-56193cfd0b4cd30448c563197fcb47bb avia-iconlist-animate'>\n<li><a href='https:\/\/www.google.de\/maps\/place\/Maiburger+Str.+64,+26789+Leer+(Ostfriesland)\/@53.24471,7.5277113,17z\/data=!3m1!4b1!4m5!3m4!1s0x47b65189329d06c5:0x53ef86952a3dec79!8m2!3d53.24471!4d7.5299' title=''  target=\"_blank\"  rel=\"noopener noreferrer\" class='iconlist_icon av-hv2fd9-e4197ed7a2c401d45bda35e841bdf429 avia-font-entypo-fontello avia-iconfont avia-font-entypo-fontello'><span class='av-icon-char' data-av_icon='\ue841' data-av_iconfont='entypo-fontello' aria-hidden=\"true\"><\/span><\/a><article class=\"article-icon-entry \"  itemscope=\"itemscope\" itemtype=\"https:\/\/schema.org\/CreativeWork\" ><div class=\"iconlist_content_wrap\"><header class=\"entry-content-header\" aria-label=\"Icon: \"><\/header><div class='iconlist_content '  itemprop=\"text\" ><p><a href=\"https:\/\/www.google.de\/maps\/place\/Maiburger+Str.+64,+26789+Leer+(Ostfriesland)\/@53.24471,7.5277113,17z\/data=!3m1!4b1!4m5!3m4!1s0x47b65189329d06c5:0x53ef86952a3dec79!8m2!3d53.24471!4d7.5299\" target=\"_blank\" rel=\"noopener\">open Google Maps with our address &#8211; Route planner<\/a><\/p>\n<\/div><\/div><footer class=\"entry-footer\"><\/footer><\/article><div class=\"iconlist-timeline\"><\/div><\/li>\n<\/ul><\/div><\/p><\/div><\/p>\n<\/div><\/div><\/div><!-- close content main div --><\/div><\/div><div id='full_slider_2'  class='avia-fullwidth-slider main_color avia-shadow   avia-builder-el-8  el_after_av_one_half  avia-builder-el-last   slider-not-first container_wrap fullsize'  >\n<style type=\"text\/css\" data-created_by=\"avia_inline_auto\" id=\"style-css-av-fzgjnj-1-7ee037c9ad9f1e8200b19891928562c5\">\n#top #wrap_all .avia-slideshow .av-slideshow-caption.av-fzgjnj-1-7ee037c9ad9f1e8200b19891928562c5__0 .avia-caption-title{\nfont-size:17px;\n}\n#top .avia-slideshow .av-slideshow-caption.av-fzgjnj-1-7ee037c9ad9f1e8200b19891928562c5__0 .avia-caption-content{\nfont-size:13px;\n}\n#top .avia-slideshow .av-slideshow-caption.av-fzgjnj-1-7ee037c9ad9f1e8200b19891928562c5__0 .avia-caption-content p{\nfont-size:13px;\n}\n#top #wrap_all .avia-slideshow .av-slideshow-caption.av-fzgjnj-1-7ee037c9ad9f1e8200b19891928562c5__1 .avia-caption-title{\nfont-size:17px;\n}\n#top .avia-slideshow .av-slideshow-caption.av-fzgjnj-1-7ee037c9ad9f1e8200b19891928562c5__1 .avia-caption-content{\nfont-size:13px;\n}\n#top .avia-slideshow .av-slideshow-caption.av-fzgjnj-1-7ee037c9ad9f1e8200b19891928562c5__1 .avia-caption-content p{\nfont-size:13px;\n}\n#top #wrap_all .avia-slideshow .av-slideshow-caption.av-fzgjnj-1-7ee037c9ad9f1e8200b19891928562c5__2 .avia-caption-title{\nfont-size:17px;\n}\n#top .avia-slideshow .av-slideshow-caption.av-fzgjnj-1-7ee037c9ad9f1e8200b19891928562c5__2 .avia-caption-content{\nfont-size:13px;\n}\n#top .avia-slideshow .av-slideshow-caption.av-fzgjnj-1-7ee037c9ad9f1e8200b19891928562c5__2 .avia-caption-content p{\nfont-size:13px;\n}\n#top #wrap_all .avia-slideshow .av-slideshow-caption.av-fzgjnj-1-7ee037c9ad9f1e8200b19891928562c5__3 .avia-caption-title{\nfont-size:17px;\n}\n#top .avia-slideshow .av-slideshow-caption.av-fzgjnj-1-7ee037c9ad9f1e8200b19891928562c5__3 .avia-caption-content{\nfont-size:13px;\n}\n#top .avia-slideshow .av-slideshow-caption.av-fzgjnj-1-7ee037c9ad9f1e8200b19891928562c5__3 .avia-caption-content p{\nfont-size:13px;\n}\n#top #wrap_all .avia-slideshow .av-slideshow-caption.av-fzgjnj-1-7ee037c9ad9f1e8200b19891928562c5__4 .avia-caption-title{\nfont-size:17px;\n}\n#top .avia-slideshow .av-slideshow-caption.av-fzgjnj-1-7ee037c9ad9f1e8200b19891928562c5__4 .avia-caption-content{\nfont-size:13px;\n}\n#top .avia-slideshow .av-slideshow-caption.av-fzgjnj-1-7ee037c9ad9f1e8200b19891928562c5__4 .avia-caption-content p{\nfont-size:13px;\n}\n#top #wrap_all .avia-slideshow .av-slideshow-caption.av-fzgjnj-1-7ee037c9ad9f1e8200b19891928562c5__5 .avia-caption-title{\nfont-size:17px;\n}\n#top .avia-slideshow .av-slideshow-caption.av-fzgjnj-1-7ee037c9ad9f1e8200b19891928562c5__5 .avia-caption-content{\nfont-size:13px;\n}\n#top .avia-slideshow .av-slideshow-caption.av-fzgjnj-1-7ee037c9ad9f1e8200b19891928562c5__5 .avia-caption-content p{\nfont-size:13px;\n}\n#top #wrap_all .avia-slideshow .av-slideshow-caption.av-fzgjnj-1-7ee037c9ad9f1e8200b19891928562c5__6 .avia-caption-title{\nfont-size:17px;\n}\n#top .avia-slideshow .av-slideshow-caption.av-fzgjnj-1-7ee037c9ad9f1e8200b19891928562c5__6 .avia-caption-content{\nfont-size:13px;\n}\n#top .avia-slideshow .av-slideshow-caption.av-fzgjnj-1-7ee037c9ad9f1e8200b19891928562c5__6 .avia-caption-content p{\nfont-size:13px;\n}\n#top #wrap_all .avia-slideshow .av-slideshow-caption.av-fzgjnj-1-7ee037c9ad9f1e8200b19891928562c5__7 .avia-caption-title{\nfont-size:17px;\n}\n#top .avia-slideshow .av-slideshow-caption.av-fzgjnj-1-7ee037c9ad9f1e8200b19891928562c5__7 .avia-caption-content{\nfont-size:13px;\n}\n#top .avia-slideshow .av-slideshow-caption.av-fzgjnj-1-7ee037c9ad9f1e8200b19891928562c5__7 .avia-caption-content p{\nfont-size:13px;\n}\n<\/style>\n<div  class='avia-slideshow av-fzgjnj-1-7ee037c9ad9f1e8200b19891928562c5 avia-slideshow-no scaling av_slideshow_full avia-fade-slider av-slideshow-ui av-control-hidden av-no-slider-navigation av-hide-nav-arrows av-slideshow-autoplay av-loop-endless av-loop-manual-endless   avia-slideshow-2' data-slideshow-options=\"{&quot;animation&quot;:&quot;fade&quot;,&quot;autoplay&quot;:true,&quot;loop_autoplay&quot;:&quot;endless&quot;,&quot;interval&quot;:5,&quot;loop_manual&quot;:&quot;manual-endless&quot;,&quot;autoplay_stopper&quot;:false,&quot;noNavigation&quot;:true,&quot;bg_slider&quot;:false,&quot;keep_padding&quot;:false,&quot;hoverpause&quot;:false,&quot;show_slide_delay&quot;:0}\"  itemprop=\"image\" itemscope=\"itemscope\" itemtype=\"https:\/\/schema.org\/ImageObject\" ><ul class='avia-slideshow-inner ' ><\/ul><\/div><\/div>\n","protected":false},"excerpt":{"rendered":"","protected":false},"author":1,"featured_media":0,"parent":0,"menu_order":0,"comment_status":"open","ping_status":"closed","template":"","meta":{"footnotes":""},"class_list":["post-6317","page","type-page","status-publish","hentry"],"_links":{"self":[{"href":"https:\/\/www.neemann.de\/en\/wp-json\/wp\/v2\/pages\/6317","targetHints":{"allow":["GET"]}}],"collection":[{"href":"https:\/\/www.neemann.de\/en\/wp-json\/wp\/v2\/pages"}],"about":[{"href":"https:\/\/www.neemann.de\/en\/wp-json\/wp\/v2\/types\/page"}],"author":[{"embeddable":true,"href":"https:\/\/www.neemann.de\/en\/wp-json\/wp\/v2\/users\/1"}],"replies":[{"embeddable":true,"href":"https:\/\/www.neemann.de\/en\/wp-json\/wp\/v2\/comments?post=6317"}],"version-history":[{"count":21,"href":"https:\/\/www.neemann.de\/en\/wp-json\/wp\/v2\/pages\/6317\/revisions"}],"predecessor-version":[{"id":11002,"href":"https:\/\/www.neemann.de\/en\/wp-json\/wp\/v2\/pages\/6317\/revisions\/11002"}],"wp:attachment":[{"href":"https:\/\/www.neemann.de\/en\/wp-json\/wp\/v2\/media?parent=6317"}],"curies":[{"name":"wp","href":"https:\/\/api.w.org\/{rel}","templated":true}]}}